{"id":937,"date":"2020-03-25T17:12:40","date_gmt":"2020-03-25T17:12:40","guid":{"rendered":"https:\/\/crispinoparquet.it\/parquet-with-french-and-italian-herringbone\/"},"modified":"2020-03-25T17:12:40","modified_gmt":"2020-03-25T17:12:40","slug":"parquet-with-french-and-italian-herringbone","status":"publish","type":"page","link":"https:\/\/crispinoparquet.it\/en\/parquet-with-french-and-italian-herringbone\/","title":{"rendered":"Parquet with French and Italian herringbone"},"content":{"rendered":"<p>[vc_row][vc_column width=&#8221;1\/2&#8243;][vc_column_text]<\/p>\n<h3>Parquet with French and Italian herringbone<\/h3>\n<p>Crispino Parquet expands its offer, to its already wide choice of flooring and cladding in solid wood, prefinished and pvc, with a line of prefinished oak, walnut and teak floors to be laid in a herringbone pattern, in different sizes and for different laying techniques on site: traditional Italian herringbone French herringbone with 45 \u00b0 inclined cut.<\/p>\n<p>The parquet laid with the herringbone technique, both Italian and French, makes the rooms warmer and with a retro aesthetic, with an ancient flavor and marked by time, but this type of laying can be pleasantly used even in environments more modern with a touch of contemporaneity.[\/vc_column_text][vc_row_inner][vc_column_inner width=&#8221;1\/2&#8243;][vc_single_image image=&#8221;690&#8243; img_size=&#8221;full&#8221; alignment=&#8221;center&#8221;][\/vc_column_inner][vc_column_inner width=&#8221;1\/2&#8243;][vc_single_image image=&#8221;691&#8243; img_size=&#8221;full&#8221; alignment=&#8221;center&#8221;][\/vc_column_inner][\/vc_row_inner][\/vc_column][vc_column width=&#8221;1\/2&#8243;][vc_column_text]<\/p>\n<h3>Technical features<\/h3>\n<p><strong>Available sizes<\/strong><br \/>\nItalian plug cut at 90 \u00b0<br \/>\nthickness: 10 mm &#8211; width: 70 mm &#8211; length: 490 mm (both raw and pre-finished)<br \/>\nthickness: 14 mm &#8211; 90mm width &#8211; length 600 mm (raw)<\/p>\n<p>French plug cut at 45 \u00b0<br \/>\nthickness 14 mm &#8211; width: 70 mm &#8211; length: 450 mm (raw)<br \/>\nthickness 14 mm &#8211; width: 90 mm &#8211; length: 600 mm (raw)<\/p>\n<p><strong>Classification<\/strong><br \/>\nQuality choices according to the UNI EN13489 technical standard:<br \/>\n\u2022 First choice \u039f<br \/>\n\u2022 Standard \u0394<br \/>\n\u2022 Rustic \u25a1<\/p>\n<p><strong>Wood essences<\/strong><br \/>\nOak, Sannio Walnut, Teak<\/p>\n<p><strong>Finishes<\/strong><br \/>\n&#8211; Wax effect with UV varnish<br \/>\n\u2013 crude[\/vc_column_text][\/vc_column][\/vc_row][vc_row][vc_column][vc_masonry_media_grid element_width=&#8221;2&#8243; gap=&#8221;10&#8243; grid_id=&#8221;vc_gid:1575907517421-be74cb5e-ed4d-4&#8243; include=&#8221;837,838,840,842,841,843,839,698,697,696,699,701,530,679,680,681,686,682,683,685,684,687,689,700,702,703,739,740,741&#8243;][\/vc_column][\/vc_row]<\/p>\n","protected":false},"excerpt":{"rendered":"<p>[vc_row][vc_column width=&#8221;1\/2&#8243;][vc_column_text] Parquet with French and Italian herringbone Crispino Parquet expands its offer, to its already wide choice of flooring and cladding in solid wood, prefinished and pvc, with a line of prefinished oak, walnut and teak floors to be laid in a herringbone pattern, in different sizes and for different laying techniques on site: [&hellip;]<\/p>\n","protected":false},"author":1,"featured_media":0,"parent":0,"menu_order":0,"comment_status":"closed","ping_status":"closed","template":"","meta":{"footnotes":""},"class_list":["post-937","page","type-page","status-publish","hentry"],"yoast_head":"<!-- This site is optimized with the Yoast SEO plugin v27.4 - https:\/\/yoast.com\/product\/yoast-seo-wordpress\/ -->\n<title>Parquet with herringbone<\/title>\n<meta name=\"description\" content=\"Il parquet spina, sia italiana che francese, rende gli ambienti pi\u00f9 caldi e retr\u00f2, ma questa posa pu\u00f2 essere utilizzata anche in ambienti pi\u00f9 moderni\" \/>\n<meta name=\"robots\" content=\"index, follow, max-snippet:-1, max-image-preview:large, max-video-preview:-1\" \/>\n<link rel=\"canonical\" href=\"https:\/\/crispinoparquet.it\/en\/parquet-with-french-and-italian-herringbone\/\" \/>\n<meta property=\"og:locale\" content=\"en_US\" \/>\n<meta property=\"og:type\" content=\"article\" \/>\n<meta property=\"og:title\" content=\"Parquet with herringbone\" \/>\n<meta property=\"og:description\" content=\"Il parquet spina, sia italiana che francese, rende gli ambienti pi\u00f9 caldi e retr\u00f2, ma questa posa pu\u00f2 essere utilizzata anche in ambienti pi\u00f9 moderni\" \/>\n<meta property=\"og:url\" content=\"https:\/\/crispinoparquet.it\/en\/parquet-with-french-and-italian-herringbone\/\" \/>\n<meta property=\"og:site_name\" content=\"Crispino Parquet e Pavimenti in Legno\" \/>\n<meta property=\"article:publisher\" content=\"https:\/\/www.facebook.com\/crispinoparquetnapoli\" \/>\n<meta name=\"twitter:card\" content=\"summary_large_image\" \/>\n<meta name=\"twitter:label1\" content=\"Est. reading time\" \/>\n\t<meta name=\"twitter:data1\" content=\"1 minute\" \/>\n<script type=\"application\/ld+json\" class=\"yoast-schema-graph\">{\"@context\":\"https:\\\/\\\/schema.org\",\"@graph\":[{\"@type\":\"WebPage\",\"@id\":\"https:\\\/\\\/crispinoparquet.it\\\/en\\\/parquet-with-french-and-italian-herringbone\\\/\",\"url\":\"https:\\\/\\\/crispinoparquet.it\\\/en\\\/parquet-with-french-and-italian-herringbone\\\/\",\"name\":\"Parquet with herringbone\",\"isPartOf\":{\"@id\":\"https:\\\/\\\/crispinoparquet.it\\\/en\\\/#website\"},\"datePublished\":\"2020-03-25T17:12:40+00:00\",\"description\":\"Il parquet spina, sia italiana che francese, rende gli ambienti pi\u00f9 caldi e retr\u00f2, ma questa posa pu\u00f2 essere utilizzata anche in ambienti pi\u00f9 moderni\",\"breadcrumb\":{\"@id\":\"https:\\\/\\\/crispinoparquet.it\\\/en\\\/parquet-with-french-and-italian-herringbone\\\/#breadcrumb\"},\"inLanguage\":\"en-US\",\"potentialAction\":[{\"@type\":\"ReadAction\",\"target\":[\"https:\\\/\\\/crispinoparquet.it\\\/en\\\/parquet-with-french-and-italian-herringbone\\\/\"]}]},{\"@type\":\"BreadcrumbList\",\"@id\":\"https:\\\/\\\/crispinoparquet.it\\\/en\\\/parquet-with-french-and-italian-herringbone\\\/#breadcrumb\",\"itemListElement\":[{\"@type\":\"ListItem\",\"position\":1,\"name\":\"Home\",\"item\":\"https:\\\/\\\/crispinoparquet.it\\\/en\\\/\"},{\"@type\":\"ListItem\",\"position\":2,\"name\":\"Parquet with French and Italian herringbone\"}]},{\"@type\":\"WebSite\",\"@id\":\"https:\\\/\\\/crispinoparquet.it\\\/en\\\/#website\",\"url\":\"https:\\\/\\\/crispinoparquet.it\\\/en\\\/\",\"name\":\"Crispino Parquet e Pavimenti in Legno\",\"description\":\"Quando il Legno \u00e8 di Casa\",\"publisher\":{\"@id\":\"https:\\\/\\\/crispinoparquet.it\\\/en\\\/#organization\"},\"potentialAction\":[{\"@type\":\"SearchAction\",\"target\":{\"@type\":\"EntryPoint\",\"urlTemplate\":\"https:\\\/\\\/crispinoparquet.it\\\/en\\\/?s={search_term_string}\"},\"query-input\":{\"@type\":\"PropertyValueSpecification\",\"valueRequired\":true,\"valueName\":\"search_term_string\"}}],\"inLanguage\":\"en-US\"},{\"@type\":\"Organization\",\"@id\":\"https:\\\/\\\/crispinoparquet.it\\\/en\\\/#organization\",\"name\":\"Crispino Parquet Pavimenti in Legno\",\"url\":\"https:\\\/\\\/crispinoparquet.it\\\/en\\\/\",\"logo\":{\"@type\":\"ImageObject\",\"inLanguage\":\"en-US\",\"@id\":\"https:\\\/\\\/crispinoparquet.it\\\/en\\\/#\\\/schema\\\/logo\\\/image\\\/\",\"url\":\"https:\\\/\\\/crispinoparquet.it\\\/wp-content\\\/uploads\\\/2019\\\/10\\\/logocrispinoparquet.png\",\"contentUrl\":\"https:\\\/\\\/crispinoparquet.it\\\/wp-content\\\/uploads\\\/2019\\\/10\\\/logocrispinoparquet.png\",\"width\":483,\"height\":200,\"caption\":\"Crispino Parquet Pavimenti in Legno\"},\"image\":{\"@id\":\"https:\\\/\\\/crispinoparquet.it\\\/en\\\/#\\\/schema\\\/logo\\\/image\\\/\"},\"sameAs\":[\"https:\\\/\\\/www.facebook.com\\\/crispinoparquetnapoli\",\"https:\\\/\\\/www.instagram.com\\\/crispinoparquetnapoli\"]}]}<\/script>\n<!-- \/ Yoast SEO plugin. -->","yoast_head_json":{"title":"Parquet with herringbone","description":"Il parquet spina, sia italiana che francese, rende gli ambienti pi\u00f9 caldi e retr\u00f2, ma questa posa pu\u00f2 essere utilizzata anche in ambienti pi\u00f9 moderni","robots":{"index":"index","follow":"follow","max-snippet":"max-snippet:-1","max-image-preview":"max-image-preview:large","max-video-preview":"max-video-preview:-1"},"canonical":"https:\/\/crispinoparquet.it\/en\/parquet-with-french-and-italian-herringbone\/","og_locale":"en_US","og_type":"article","og_title":"Parquet with herringbone","og_description":"Il parquet spina, sia italiana che francese, rende gli ambienti pi\u00f9 caldi e retr\u00f2, ma questa posa pu\u00f2 essere utilizzata anche in ambienti pi\u00f9 moderni","og_url":"https:\/\/crispinoparquet.it\/en\/parquet-with-french-and-italian-herringbone\/","og_site_name":"Crispino Parquet e Pavimenti in Legno","article_publisher":"https:\/\/www.facebook.com\/crispinoparquetnapoli","twitter_card":"summary_large_image","twitter_misc":{"Est. reading time":"1 minute"},"schema":{"@context":"https:\/\/schema.org","@graph":[{"@type":"WebPage","@id":"https:\/\/crispinoparquet.it\/en\/parquet-with-french-and-italian-herringbone\/","url":"https:\/\/crispinoparquet.it\/en\/parquet-with-french-and-italian-herringbone\/","name":"Parquet with herringbone","isPartOf":{"@id":"https:\/\/crispinoparquet.it\/en\/#website"},"datePublished":"2020-03-25T17:12:40+00:00","description":"Il parquet spina, sia italiana che francese, rende gli ambienti pi\u00f9 caldi e retr\u00f2, ma questa posa pu\u00f2 essere utilizzata anche in ambienti pi\u00f9 moderni","breadcrumb":{"@id":"https:\/\/crispinoparquet.it\/en\/parquet-with-french-and-italian-herringbone\/#breadcrumb"},"inLanguage":"en-US","potentialAction":[{"@type":"ReadAction","target":["https:\/\/crispinoparquet.it\/en\/parquet-with-french-and-italian-herringbone\/"]}]},{"@type":"BreadcrumbList","@id":"https:\/\/crispinoparquet.it\/en\/parquet-with-french-and-italian-herringbone\/#breadcrumb","itemListElement":[{"@type":"ListItem","position":1,"name":"Home","item":"https:\/\/crispinoparquet.it\/en\/"},{"@type":"ListItem","position":2,"name":"Parquet with French and Italian herringbone"}]},{"@type":"WebSite","@id":"https:\/\/crispinoparquet.it\/en\/#website","url":"https:\/\/crispinoparquet.it\/en\/","name":"Crispino Parquet e Pavimenti in Legno","description":"Quando il Legno \u00e8 di Casa","publisher":{"@id":"https:\/\/crispinoparquet.it\/en\/#organization"},"potentialAction":[{"@type":"SearchAction","target":{"@type":"EntryPoint","urlTemplate":"https:\/\/crispinoparquet.it\/en\/?s={search_term_string}"},"query-input":{"@type":"PropertyValueSpecification","valueRequired":true,"valueName":"search_term_string"}}],"inLanguage":"en-US"},{"@type":"Organization","@id":"https:\/\/crispinoparquet.it\/en\/#organization","name":"Crispino Parquet Pavimenti in Legno","url":"https:\/\/crispinoparquet.it\/en\/","logo":{"@type":"ImageObject","inLanguage":"en-US","@id":"https:\/\/crispinoparquet.it\/en\/#\/schema\/logo\/image\/","url":"https:\/\/crispinoparquet.it\/wp-content\/uploads\/2019\/10\/logocrispinoparquet.png","contentUrl":"https:\/\/crispinoparquet.it\/wp-content\/uploads\/2019\/10\/logocrispinoparquet.png","width":483,"height":200,"caption":"Crispino Parquet Pavimenti in Legno"},"image":{"@id":"https:\/\/crispinoparquet.it\/en\/#\/schema\/logo\/image\/"},"sameAs":["https:\/\/www.facebook.com\/crispinoparquetnapoli","https:\/\/www.instagram.com\/crispinoparquetnapoli"]}]}},"_links":{"self":[{"href":"https:\/\/crispinoparquet.it\/en\/wp-json\/wp\/v2\/pages\/937","targetHints":{"allow":["GET"]}}],"collection":[{"href":"https:\/\/crispinoparquet.it\/en\/wp-json\/wp\/v2\/pages"}],"about":[{"href":"https:\/\/crispinoparquet.it\/en\/wp-json\/wp\/v2\/types\/page"}],"author":[{"embeddable":true,"href":"https:\/\/crispinoparquet.it\/en\/wp-json\/wp\/v2\/users\/1"}],"replies":[{"embeddable":true,"href":"https:\/\/crispinoparquet.it\/en\/wp-json\/wp\/v2\/comments?post=937"}],"version-history":[{"count":1,"href":"https:\/\/crispinoparquet.it\/en\/wp-json\/wp\/v2\/pages\/937\/revisions"}],"predecessor-version":[{"id":938,"href":"https:\/\/crispinoparquet.it\/en\/wp-json\/wp\/v2\/pages\/937\/revisions\/938"}],"wp:attachment":[{"href":"https:\/\/crispinoparquet.it\/en\/wp-json\/wp\/v2\/media?parent=937"}],"curies":[{"name":"wp","href":"https:\/\/api.w.org\/{rel}","templated":true}]}}